{"id":2,"date":"2024-02-29T12:37:30","date_gmt":"2024-02-29T11:37:30","guid":{"rendered":"https:\/\/www.forever-beauty.com\/?page_id=2"},"modified":"2024-10-29T17:55:14","modified_gmt":"2024-10-29T16:55:14","slug":"dermatology-centre","status":"publish","type":"page","link":"https:\/\/www.forever-beauty.com\/en\/pole-dermatologie\/","title":{"rendered":"Dermatology"},"content":{"rendered":"<div class=\"wp-block-columns is-layout-flex wp-container-core-columns-is-layout-9d6595d7 wp-block-columns-is-layout-flex\">\n<div class=\"wp-block-column is-vertically-aligned-stretch has-secondary-background-color has-background is-layout-flow wp-block-column-is-layout-flow\" style=\"flex-basis:50%\">\n<h2 class=\"wp-block-heading has-black-color has-text-color has-link-color wp-elements-7247430fbd2a38bad9d773d4abd388f5\">Our dermatologist and founder<\/h2>\n\n\n\n<p class=\"has-black-color has-text-color has-link-color wp-elements-8eb860e958f820dea8a57870535085f0\">The history of Forever Institut began with the dermatological expertise of the <strong>Dr. Luigi L. Polla<\/strong> and the creation of its practice in 1986. Dermatology and the well-being of your skin have therefore been at the heart of our concerns and our DNA for almost 40 years.<\/p>\n\n\n\n<p>Dermatological procedures are covered by the LAMal (medical consultation, dermatological surgery) at <a href=\"https:\/\/www.forever-beauty.com\/en\/clinic\/geneva\/\">Forever Institut in Geneva<\/a>.<\/p>\n\n\n    <div class=\"acf-accordeon\">\n            <\/div>\n\n<\/div>\n\n\n\n<div class=\"wp-block-column is-vertically-aligned-stretch is-style-mobiletop is-layout-flow wp-block-column-is-layout-flow\" style=\"flex-basis:50%\">\n<figure class=\"wp-block-image size-full\"><img loading=\"lazy\" decoding=\"async\" width=\"679\" height=\"736\" src=\"https:\/\/www.forever-beauty.com\/wp-content\/uploads\/2024\/05\/Dr.Polla-1-1.jpg\" alt=\"\" class=\"wp-image-1131\" srcset=\"https:\/\/www.forever-beauty.com\/wp-content\/uploads\/2024\/05\/Dr.Polla-1-1.jpg 679w, https:\/\/www.forever-beauty.com\/wp-content\/uploads\/2024\/05\/Dr.Polla-1-1-11x12.jpg 11w\" sizes=\"auto, (max-width: 679px) 100vw, 679px\" \/><\/figure>\n<\/div>\n<\/div>\n\n\n\n<div class=\"wp-block-columns alignfull is-layout-flex wp-container-core-columns-is-layout-9d6595d7 wp-block-columns-is-layout-flex\">\n<div class=\"wp-block-column is-vertically-aligned-center is-style-mobiletop is-layout-flow wp-block-column-is-layout-flow\" style=\"flex-basis:33.33%\">\n<figure class=\"wp-block-image size-medium\"><img loading=\"lazy\" decoding=\"async\" width=\"688\" height=\"860\" src=\"https:\/\/www.forever-beauty.com\/wp-content\/uploads\/2024\/05\/dermatologie-688x860.png\" alt=\"\" class=\"wp-image-1127\" srcset=\"https:\/\/www.forever-beauty.com\/wp-content\/uploads\/2024\/05\/dermatologie-688x860.png 688w, https:\/\/www.forever-beauty.com\/wp-content\/uploads\/2024\/05\/dermatologie-768x960.png 768w, https:\/\/www.forever-beauty.com\/wp-content\/uploads\/2024\/05\/dermatologie-10x12.png 10w, https:\/\/www.forever-beauty.com\/wp-content\/uploads\/2024\/05\/dermatologie.png 1080w\" sizes=\"auto, (max-width: 688px) 100vw, 688px\" \/><\/figure>\n<\/div>\n\n\n\n<div class=\"wp-block-column is-vertically-aligned-stretch has-white-background-color has-background is-layout-flow wp-block-column-is-layout-flow\" style=\"flex-basis:66.66%\">\n<h2 class=\"wp-block-heading\">Appointment for a dermatology consultation<\/h2>\n\n\n\n<p class=\"has-red-color has-text-color has-link-color wp-elements-ad9d4e73fd9bece10406bbbf4c108174\">Online booking not available for dermatological consultations<\/p>\n\n\n\n<div class=\"wp-block-buttons is-content-justification-left is-layout-flex wp-container-core-buttons-is-layout-fdcfc74e wp-block-buttons-is-layout-flex\">\n<div class=\"wp-block-button is-style-fill\"><a class=\"wp-block-button__link has-white-color has-primary-background-color has-text-color has-background has-link-color wp-element-button\" href=\"tel:+41 22 318 60 50\">By telephone: +41 22 318 60 50<\/a><\/div>\n\n\n\n<div class=\"wp-block-button is-style-outline is-style-outline--1\"><a class=\"wp-block-button__link wp-element-button\" href=\"mailto:llpolla@forever-beauty.com\">By e-mail: llpolla@forever-beauty.com<\/a><\/div>\n<\/div>\n<\/div>\n<\/div>\n\n\n\n<div class=\"wp-block-columns is-layout-flex wp-container-core-columns-is-layout-9d6595d7 wp-block-columns-is-layout-flex\">\n<div class=\"wp-block-column is-vertically-aligned-stretch has-pastel-lightbrown-background-color has-background is-layout-flow wp-block-column-is-layout-flow\" style=\"flex-basis:49.5%\">\n<h2 class=\"wp-block-heading has-lightbrown-color has-text-color has-link-color wp-elements-f9c6f2ade0a5e72a62f93a83d2770109\">Dermatology<\/h2>\n\n\n\n<p><br>Dermatology is a medical and surgical speciality. It deals with inflammatory skin diseases (acne, eczema, psoriasis, etc.), sun damage (skin cancer, actinic keratoses, etc.), infectious diseases of the skin and genital region, autoimmune diseases (lupus, alopecia, vitiligo, etc.), childhood dermatoses, as well as abnormalities of the scalp (androgenetic alopecia, telogen effluvium, etc.) and nails.<\/p>\n\n\n\n<div class=\"wp-block-buttons is-layout-flex wp-block-buttons-is-layout-flex\"><\/div>\n<\/div>\n\n\n\n<div class=\"wp-block-column is-vertically-aligned-stretch is-style-mobiletop is-layout-flow wp-block-column-is-layout-flow\" style=\"flex-basis:53%\">\n<figure class=\"wp-block-image size-large\"><img loading=\"lazy\" decoding=\"async\" width=\"1408\" height=\"999\" src=\"https:\/\/www.forever-beauty.com\/wp-content\/uploads\/2024\/05\/Forever-Institut-Geneve-Carte-1408x999.png\" alt=\"\" class=\"wp-image-1171\" style=\"object-fit:cover\" srcset=\"https:\/\/www.forever-beauty.com\/wp-content\/uploads\/2024\/05\/Forever-Institut-Geneve-Carte-1408x999.png 1408w, https:\/\/www.forever-beauty.com\/wp-content\/uploads\/2024\/05\/Forever-Institut-Geneve-Carte-688x488.png 688w, https:\/\/www.forever-beauty.com\/wp-content\/uploads\/2024\/05\/Forever-Institut-Geneve-Carte-768x545.png 768w, https:\/\/www.forever-beauty.com\/wp-content\/uploads\/2024\/05\/Forever-Institut-Geneve-Carte-1536x1090.png 1536w, https:\/\/www.forever-beauty.com\/wp-content\/uploads\/2024\/05\/Forever-Institut-Geneve-Carte-18x12.png 18w, https:\/\/www.forever-beauty.com\/wp-content\/uploads\/2024\/05\/Forever-Institut-Geneve-Carte.png 1748w\" sizes=\"auto, (max-width: 1408px) 100vw, 1408px\" \/><\/figure>\n<\/div>\n<\/div>\n\n\n\n<blockquote class=\"wp-block-quote is-layout-flow wp-block-quote-is-layout-flow\">\n<p class=\"is-style-default\">Skin has always fascinated me, because it has a real impact on our emotional experience. What's more, I'm passionate about the scientific and pharmacological advances that have been made in this field: over the years, and in view of the immense progress seen in the treatment of conditions such as acne, psoriasis, atopic dermatitis and alopecia, I'm still definitely won over by the importance and beauty of my profession. '<\/p>\n<cite>Dr. Luigi L. Polla<\/cite><\/blockquote>\n\n\n\n<p class=\"has-text-align-center is-style-default has-red-color has-text-color has-link-color wp-elements-d1cec553b70a572cf7898e36e3dc7f60\"><strong>Aesthetic procedures such as injections (Botox\u00ae, hyaluronic acid, skin boosters, etc.), laser treatments or peels are not covered by insurance and are carried out at the patient's expense.<\/strong><\/p>","protected":false},"excerpt":{"rendered":"<p>Notre dermatologue et fondateur L\u2019histoire de Forever Institut est n\u00e9e de l\u2019expertise dermatologique du Dr. Luigi L. Polla et de la cr\u00e9ation de son cabinet en 1986. La dermatologie et le bien-\u00eatre de votre peau sont donc au c\u0153ur de nos pr\u00e9occupations et de notre ADN depuis pr\u00e8s de 40 ans. Les actes dermatologiques sont [&hellip;]<\/p>\n","protected":false},"author":1,"featured_media":0,"parent":0,"menu_order":0,"comment_status":"closed","ping_status":"open","template":"","meta":{"_acf_changed":false,"inline_featured_image":false,"footnotes":""},"class_list":["post-2","page","type-page","status-publish","format-standard","hentry"],"acf":[],"yoast_head":"<!-- This site is optimized with the Yoast SEO plugin v27.4 - https:\/\/yoast.com\/product\/yoast-seo-wordpress\/ -->\n<title>Dermatologue Gen\u00e8ve, Lausanne, Nyon: rendez-vous avec un sp\u00e9cialiste | Forever Institut<\/title>\n<meta name=\"description\" content=\"Dermatologue Gen\u00e8ve sp\u00e9cialistes en dermatologie m\u00e9dico-chirurgicale. Prenez rendez-vous avec Dr. Polla et Dr. Andr\u00e9, experts dipl\u00f4m\u00e9s FMH. Prise en charge des maladies inflammatoires, dommages du soleil, dermatoses de l&#039;enfant, et plus. Actes rembours\u00e9s par LAMal. R\u00e9servez votre consultation d\u00e8s maintenant.\" \/>\n<meta name=\"robots\" content=\"index, follow, max-snippet:-1, max-image-preview:large, max-video-preview:-1\" \/>\n<link rel=\"canonical\" href=\"https:\/\/www.forever-beauty.com\/en\/dermatology-centre\/\" \/>\n<meta property=\"og:locale\" content=\"en_GB\" \/>\n<meta property=\"og:type\" content=\"article\" \/>\n<meta property=\"og:title\" content=\"Dermatologue Gen\u00e8ve, Lausanne, Nyon: rendez-vous avec un sp\u00e9cialiste | Forever Institut\" \/>\n<meta property=\"og:description\" content=\"Dermatologue Gen\u00e8ve sp\u00e9cialistes en dermatologie m\u00e9dico-chirurgicale. Prenez rendez-vous avec Dr. Polla et Dr. Andr\u00e9, experts dipl\u00f4m\u00e9s FMH. Prise en charge des maladies inflammatoires, dommages du soleil, dermatoses de l&#039;enfant, et plus. Actes rembours\u00e9s par LAMal. R\u00e9servez votre consultation d\u00e8s maintenant.\" \/>\n<meta property=\"og:url\" content=\"https:\/\/www.forever-beauty.com\/en\/dermatology-centre\/\" \/>\n<meta property=\"og:site_name\" content=\"Forever Institut\" \/>\n<meta property=\"article:modified_time\" content=\"2024-10-29T16:55:14+00:00\" \/>\n<meta property=\"og:image\" content=\"https:\/\/www.forever-beauty.com\/wp-content\/uploads\/2024\/05\/Dr.Polla-1-1.jpg\" \/>\n\t<meta property=\"og:image:width\" content=\"679\" \/>\n\t<meta property=\"og:image:height\" content=\"736\" \/>\n\t<meta property=\"og:image:type\" content=\"image\/jpeg\" \/>\n<meta name=\"twitter:card\" content=\"summary_large_image\" \/>\n<meta name=\"twitter:label1\" content=\"Estimated reading time\" \/>\n\t<meta name=\"twitter:data1\" content=\"2 minutes\" \/>\n<script type=\"application\/ld+json\" class=\"yoast-schema-graph\">{\"@context\":\"https:\\\/\\\/schema.org\",\"@graph\":[{\"@type\":\"WebPage\",\"@id\":\"https:\\\/\\\/www.forever-beauty.com\\\/pole-dermatologie\\\/\",\"url\":\"https:\\\/\\\/www.forever-beauty.com\\\/pole-dermatologie\\\/\",\"name\":\"Dermatologue Gen\u00e8ve, Lausanne, Nyon: rendez-vous avec un sp\u00e9cialiste | Forever Institut\",\"isPartOf\":{\"@id\":\"https:\\\/\\\/www.forever-beauty.com\\\/#website\"},\"primaryImageOfPage\":{\"@id\":\"https:\\\/\\\/www.forever-beauty.com\\\/pole-dermatologie\\\/#primaryimage\"},\"image\":{\"@id\":\"https:\\\/\\\/www.forever-beauty.com\\\/pole-dermatologie\\\/#primaryimage\"},\"thumbnailUrl\":\"https:\\\/\\\/www.forever-beauty.com\\\/wp-content\\\/uploads\\\/2024\\\/05\\\/Dr.Polla-1-1.jpg\",\"datePublished\":\"2024-02-29T11:37:30+00:00\",\"dateModified\":\"2024-10-29T16:55:14+00:00\",\"description\":\"Dermatologue Gen\u00e8ve sp\u00e9cialistes en dermatologie m\u00e9dico-chirurgicale. Prenez rendez-vous avec Dr. Polla et Dr. Andr\u00e9, experts dipl\u00f4m\u00e9s FMH. Prise en charge des maladies inflammatoires, dommages du soleil, dermatoses de l'enfant, et plus. Actes rembours\u00e9s par LAMal. R\u00e9servez votre consultation d\u00e8s maintenant.\",\"breadcrumb\":{\"@id\":\"https:\\\/\\\/www.forever-beauty.com\\\/pole-dermatologie\\\/#breadcrumb\"},\"inLanguage\":\"en-GB\",\"potentialAction\":[{\"@type\":\"ReadAction\",\"target\":[\"https:\\\/\\\/www.forever-beauty.com\\\/pole-dermatologie\\\/\"]}]},{\"@type\":\"ImageObject\",\"inLanguage\":\"en-GB\",\"@id\":\"https:\\\/\\\/www.forever-beauty.com\\\/pole-dermatologie\\\/#primaryimage\",\"url\":\"https:\\\/\\\/www.forever-beauty.com\\\/wp-content\\\/uploads\\\/2024\\\/05\\\/Dr.Polla-1-1.jpg\",\"contentUrl\":\"https:\\\/\\\/www.forever-beauty.com\\\/wp-content\\\/uploads\\\/2024\\\/05\\\/Dr.Polla-1-1.jpg\"},{\"@type\":\"BreadcrumbList\",\"@id\":\"https:\\\/\\\/www.forever-beauty.com\\\/pole-dermatologie\\\/#breadcrumb\",\"itemListElement\":[{\"@type\":\"ListItem\",\"position\":1,\"name\":\"Home\",\"item\":\"https:\\\/\\\/www.forever-beauty.com\\\/\"},{\"@type\":\"ListItem\",\"position\":2,\"name\":\"P\u00f4le Dermatologique\"}]},{\"@type\":\"WebSite\",\"@id\":\"https:\\\/\\\/www.forever-beauty.com\\\/#website\",\"url\":\"https:\\\/\\\/www.forever-beauty.com\\\/\",\"name\":\"Forever Institut\",\"description\":\"Forever Institut : Centre de M\u00e9decine esth\u00e9tique et injections\",\"publisher\":{\"@id\":\"https:\\\/\\\/www.forever-beauty.com\\\/#organization\"},\"potentialAction\":[{\"@type\":\"SearchAction\",\"target\":{\"@type\":\"EntryPoint\",\"urlTemplate\":\"https:\\\/\\\/www.forever-beauty.com\\\/?s={search_term_string}\"},\"query-input\":{\"@type\":\"PropertyValueSpecification\",\"valueRequired\":true,\"valueName\":\"search_term_string\"}}],\"inLanguage\":\"en-GB\"},{\"@type\":\"Organization\",\"@id\":\"https:\\\/\\\/www.forever-beauty.com\\\/#organization\",\"name\":\"Forever\",\"url\":\"https:\\\/\\\/www.forever-beauty.com\\\/\",\"logo\":{\"@type\":\"ImageObject\",\"inLanguage\":\"en-GB\",\"@id\":\"https:\\\/\\\/www.forever-beauty.com\\\/#\\\/schema\\\/logo\\\/image\\\/\",\"url\":\"https:\\\/\\\/www.forever-beauty.com\\\/wp-content\\\/uploads\\\/2024\\\/03\\\/Forever-logo.svg\",\"contentUrl\":\"https:\\\/\\\/www.forever-beauty.com\\\/wp-content\\\/uploads\\\/2024\\\/03\\\/Forever-logo.svg\",\"width\":280,\"height\":101,\"caption\":\"Forever\"},\"image\":{\"@id\":\"https:\\\/\\\/www.forever-beauty.com\\\/#\\\/schema\\\/logo\\\/image\\\/\"}}]}<\/script>\n<!-- \/ Yoast SEO plugin. -->","yoast_head_json":{"title":"Dermatologist Geneva, Lausanne, Nyon: make an appointment with a specialist | Forever Institut","description":"Geneva dermatologists specialising in medical and surgical dermatology. Make an appointment with Dr. Polla and Dr. Andr\u00e9, FMH qualified experts. Treatment of inflammatory diseases, sun damage, children's dermatoses, and more. Procedures reimbursed by LAMal. Book your consultation now.","robots":{"index":"index","follow":"follow","max-snippet":"max-snippet:-1","max-image-preview":"max-image-preview:large","max-video-preview":"max-video-preview:-1"},"canonical":"https:\/\/www.forever-beauty.com\/en\/dermatology-centre\/","og_locale":"en_GB","og_type":"article","og_title":"Dermatologue Gen\u00e8ve, Lausanne, Nyon: rendez-vous avec un sp\u00e9cialiste | Forever Institut","og_description":"Dermatologue Gen\u00e8ve sp\u00e9cialistes en dermatologie m\u00e9dico-chirurgicale. Prenez rendez-vous avec Dr. Polla et Dr. Andr\u00e9, experts dipl\u00f4m\u00e9s FMH. Prise en charge des maladies inflammatoires, dommages du soleil, dermatoses de l'enfant, et plus. Actes rembours\u00e9s par LAMal. R\u00e9servez votre consultation d\u00e8s maintenant.","og_url":"https:\/\/www.forever-beauty.com\/en\/dermatology-centre\/","og_site_name":"Forever Institut","article_modified_time":"2024-10-29T16:55:14+00:00","og_image":[{"width":679,"height":736,"url":"https:\/\/www.forever-beauty.com\/wp-content\/uploads\/2024\/05\/Dr.Polla-1-1.jpg","type":"image\/jpeg"}],"twitter_card":"summary_large_image","twitter_misc":{"Estimated reading time":"2 minutes"},"schema":{"@context":"https:\/\/schema.org","@graph":[{"@type":"WebPage","@id":"https:\/\/www.forever-beauty.com\/pole-dermatologie\/","url":"https:\/\/www.forever-beauty.com\/pole-dermatologie\/","name":"Dermatologist Geneva, Lausanne, Nyon: make an appointment with a specialist | Forever Institut","isPartOf":{"@id":"https:\/\/www.forever-beauty.com\/#website"},"primaryImageOfPage":{"@id":"https:\/\/www.forever-beauty.com\/pole-dermatologie\/#primaryimage"},"image":{"@id":"https:\/\/www.forever-beauty.com\/pole-dermatologie\/#primaryimage"},"thumbnailUrl":"https:\/\/www.forever-beauty.com\/wp-content\/uploads\/2024\/05\/Dr.Polla-1-1.jpg","datePublished":"2024-02-29T11:37:30+00:00","dateModified":"2024-10-29T16:55:14+00:00","description":"Geneva dermatologists specialising in medical and surgical dermatology. Make an appointment with Dr. Polla and Dr. Andr\u00e9, FMH qualified experts. Treatment of inflammatory diseases, sun damage, children's dermatoses, and more. Procedures reimbursed by LAMal. Book your consultation now.","breadcrumb":{"@id":"https:\/\/www.forever-beauty.com\/pole-dermatologie\/#breadcrumb"},"inLanguage":"en-GB","potentialAction":[{"@type":"ReadAction","target":["https:\/\/www.forever-beauty.com\/pole-dermatologie\/"]}]},{"@type":"ImageObject","inLanguage":"en-GB","@id":"https:\/\/www.forever-beauty.com\/pole-dermatologie\/#primaryimage","url":"https:\/\/www.forever-beauty.com\/wp-content\/uploads\/2024\/05\/Dr.Polla-1-1.jpg","contentUrl":"https:\/\/www.forever-beauty.com\/wp-content\/uploads\/2024\/05\/Dr.Polla-1-1.jpg"},{"@type":"BreadcrumbList","@id":"https:\/\/www.forever-beauty.com\/pole-dermatologie\/#breadcrumb","itemListElement":[{"@type":"ListItem","position":1,"name":"Home","item":"https:\/\/www.forever-beauty.com\/"},{"@type":"ListItem","position":2,"name":"P\u00f4le Dermatologique"}]},{"@type":"WebSite","@id":"https:\/\/www.forever-beauty.com\/#website","url":"https:\/\/www.forever-beauty.com\/","name":"Forever Institut","description":"Forever Institut : Centre for aesthetic medicine and injections","publisher":{"@id":"https:\/\/www.forever-beauty.com\/#organization"},"potentialAction":[{"@type":"SearchAction","target":{"@type":"EntryPoint","urlTemplate":"https:\/\/www.forever-beauty.com\/?s={search_term_string}"},"query-input":{"@type":"PropertyValueSpecification","valueRequired":true,"valueName":"search_term_string"}}],"inLanguage":"en-GB"},{"@type":"Organization","@id":"https:\/\/www.forever-beauty.com\/#organization","name":"Forever","url":"https:\/\/www.forever-beauty.com\/","logo":{"@type":"ImageObject","inLanguage":"en-GB","@id":"https:\/\/www.forever-beauty.com\/#\/schema\/logo\/image\/","url":"https:\/\/www.forever-beauty.com\/wp-content\/uploads\/2024\/03\/Forever-logo.svg","contentUrl":"https:\/\/www.forever-beauty.com\/wp-content\/uploads\/2024\/03\/Forever-logo.svg","width":280,"height":101,"caption":"Forever"},"image":{"@id":"https:\/\/www.forever-beauty.com\/#\/schema\/logo\/image\/"}}]}},"_links":{"self":[{"href":"https:\/\/www.forever-beauty.com\/en\/wp-json\/wp\/v2\/pages\/2","targetHints":{"allow":["GET"]}}],"collection":[{"href":"https:\/\/www.forever-beauty.com\/en\/wp-json\/wp\/v2\/pages"}],"about":[{"href":"https:\/\/www.forever-beauty.com\/en\/wp-json\/wp\/v2\/types\/page"}],"author":[{"embeddable":true,"href":"https:\/\/www.forever-beauty.com\/en\/wp-json\/wp\/v2\/users\/1"}],"replies":[{"embeddable":true,"href":"https:\/\/www.forever-beauty.com\/en\/wp-json\/wp\/v2\/comments?post=2"}],"version-history":[{"count":71,"href":"https:\/\/www.forever-beauty.com\/en\/wp-json\/wp\/v2\/pages\/2\/revisions"}],"predecessor-version":[{"id":1927,"href":"https:\/\/www.forever-beauty.com\/en\/wp-json\/wp\/v2\/pages\/2\/revisions\/1927"}],"wp:attachment":[{"href":"https:\/\/www.forever-beauty.com\/en\/wp-json\/wp\/v2\/media?parent=2"}],"curies":[{"name":"wp","href":"https:\/\/api.w.org\/{rel}","templated":true}]}}