{"id":1532,"date":"2024-06-07T17:03:03","date_gmt":"2024-06-07T15:03:03","guid":{"rendered":"https:\/\/www.forever-beauty.com\/?page_id=1532"},"modified":"2025-06-11T18:02:12","modified_gmt":"2025-06-11T16:02:12","slug":"privileges-forever","status":"publish","type":"page","link":"https:\/\/www.forever-beauty.com\/en\/privileges-forever\/","title":{"rendered":"Forever Benefits"},"content":{"rendered":"<div class=\"wp-block-columns is-layout-flex wp-container-core-columns-is-layout-9d6595d7 wp-block-columns-is-layout-flex\">\n<div class=\"wp-block-column is-vertically-aligned-stretch has-pastel-lightbrown-background-color has-background is-layout-flow wp-block-column-is-layout-flow\" style=\"flex-basis:50%\">\n<h2 class=\"wp-block-heading has-primary-color has-text-color has-link-color wp-elements-cd4d472c78944c5a7381d1e4ad8c8970\">Loyalty Program<\/h2>\n\n\n\n<p>We have created a digital loyalty program to thank you for your trust. <\/p>\n\n\n\n<p>Get your card stamped every time you visit and receive a gift card on your 4th and 8th visits!<\/p>\n\n\n\n<ul class=\"wp-block-list\">\n<li>Remember to show your card as stamps are not issued retrospectively.<\/li>\n\n\n\n<li>1 stamp per visit (not per treatment), excluding control appointments and product purchases<\/li>\n\n\n\n<li>Gift cards are valid for 6 months and can be used towards the price of a treatment. They cannot be accumulated.<\/li>\n<\/ul>\n<\/div>\n\n\n\n<div class=\"wp-block-column is-vertically-aligned-stretch is-style-mobiletop is-layout-flow wp-block-column-is-layout-flow\" style=\"flex-basis:50%\">\n<figure class=\"wp-block-image size-medium\"><img loading=\"lazy\" decoding=\"async\" width=\"688\" height=\"1032\" src=\"https:\/\/www.forever-beauty.com\/wp-content\/uploads\/2024\/06\/Forever-8705-688x1032.jpg\" alt=\"\" class=\"wp-image-1533\" srcset=\"https:\/\/www.forever-beauty.com\/wp-content\/uploads\/2024\/06\/Forever-8705-688x1032.jpg 688w, https:\/\/www.forever-beauty.com\/wp-content\/uploads\/2024\/06\/Forever-8705-768x1152.jpg 768w, https:\/\/www.forever-beauty.com\/wp-content\/uploads\/2024\/06\/Forever-8705-1024x1536.jpg 1024w, https:\/\/www.forever-beauty.com\/wp-content\/uploads\/2024\/06\/Forever-8705-8x12.jpg 8w, https:\/\/www.forever-beauty.com\/wp-content\/uploads\/2024\/06\/Forever-8705.jpg 1365w\" sizes=\"auto, (max-width: 688px) 100vw, 688px\" \/><\/figure>\n<\/div>\n<\/div>\n\n\n\n<div class=\"wp-block-columns is-layout-flex wp-container-core-columns-is-layout-9d6595d7 wp-block-columns-is-layout-flex\">\n<div class=\"wp-block-column is-vertically-aligned-stretch is-style-mobiletop is-layout-flow wp-block-column-is-layout-flow\" style=\"flex-basis:50%\">\n<figure class=\"wp-block-image size-medium\"><img loading=\"lazy\" decoding=\"async\" width=\"688\" height=\"459\" src=\"https:\/\/www.forever-beauty.com\/wp-content\/uploads\/2024\/04\/persona_20_ans-688x459.jpg\" alt=\"\" class=\"wp-image-618\" srcset=\"https:\/\/www.forever-beauty.com\/wp-content\/uploads\/2024\/04\/persona_20_ans-688x459.jpg 688w, https:\/\/www.forever-beauty.com\/wp-content\/uploads\/2024\/04\/persona_20_ans-18x12.jpg 18w, https:\/\/www.forever-beauty.com\/wp-content\/uploads\/2024\/04\/persona_20_ans.jpg 700w\" sizes=\"auto, (max-width: 688px) 100vw, 688px\" \/><\/figure>\n<\/div>\n\n\n\n<div class=\"wp-block-column is-vertically-aligned-stretch has-pastel-blue-background-color has-background is-layout-flow wp-block-column-is-layout-flow\" style=\"flex-basis:50%\">\n<h2 class=\"wp-block-heading has-primary-color has-text-color has-link-color wp-elements-f83b77e8fd4a4f339dd796b50ba83538\">Refer a Friend<\/h2>\n\n\n\n<p>Do you like to share your favourite addresses?<\/p>\n\n\n\n<p>We invite you to recommend Forever to your friends and family. At the time of their appointment, the person you refer will receive a CHF 50 discount on their first treatment. And... to thank you, we'll also gift you CHF 50 off your next treatment!<\/p>\n\n\n\n<p>*This gift cannot be combined with other promotions and is non-transferable.<\/p>\n<\/div>\n<\/div>\n\n\n\n<div class=\"wp-block-columns is-layout-flex wp-container-core-columns-is-layout-9d6595d7 wp-block-columns-is-layout-flex\">\n<div class=\"wp-block-column is-vertically-aligned-stretch has-pastel-beige-background-color has-background is-layout-flow wp-block-column-is-layout-flow\" style=\"flex-basis:50%\">\n<h2 class=\"wp-block-heading has-primary-color has-text-color has-link-color wp-elements-0d6ed0e19ebad254ec221d24720526b8\">Tattoo Removal Card<\/h2>\n\n\n\n<p>If you choose to buy our tattoo removal card for CHF 200, you will receive a -30% discount on all your tattoo removal sessions for 2 years.<\/p>\n\n\n\n<p>*This discount cannot be combined with other promotions and is non-transferable.<\/p>\n\n\n\n<div class=\"wp-block-buttons is-layout-flex wp-block-buttons-is-layout-flex\">\n<div class=\"wp-block-button is-style-outline is-style-outline--1\"><a class=\"wp-block-button__link wp-element-button\" href=\"https:\/\/www.forever-beauty.com\/en\/treatment\/laser-tattoo-removal\/\">laser tattoo removal<\/a><\/div>\n<\/div>\n<\/div>\n\n\n\n<div class=\"wp-block-column is-vertically-aligned-stretch is-style-mobiletop is-layout-flow wp-block-column-is-layout-flow\" style=\"flex-basis:50%\">\n<figure class=\"wp-block-image size-medium\"><img loading=\"lazy\" decoding=\"async\" width=\"688\" height=\"860\" src=\"https:\/\/www.forever-beauty.com\/wp-content\/uploads\/2024\/05\/detatouage-laser-picoseconde-pico-synosure-688x860.png\" alt=\"\" class=\"wp-image-826\" srcset=\"https:\/\/www.forever-beauty.com\/wp-content\/uploads\/2024\/05\/detatouage-laser-picoseconde-pico-synosure-688x860.png 688w, https:\/\/www.forever-beauty.com\/wp-content\/uploads\/2024\/05\/detatouage-laser-picoseconde-pico-synosure-768x960.png 768w, https:\/\/www.forever-beauty.com\/wp-content\/uploads\/2024\/05\/detatouage-laser-picoseconde-pico-synosure-10x12.png 10w, https:\/\/www.forever-beauty.com\/wp-content\/uploads\/2024\/05\/detatouage-laser-picoseconde-pico-synosure.png 1080w\" sizes=\"auto, (max-width: 688px) 100vw, 688px\" \/><\/figure>\n<\/div>\n<\/div>\n\n\n\n<div class=\"wp-block-columns is-layout-flex wp-container-core-columns-is-layout-9d6595d7 wp-block-columns-is-layout-flex\">\n<div class=\"wp-block-column is-vertically-aligned-stretch is-style-mobiletop is-layout-flow wp-block-column-is-layout-flow\" style=\"flex-basis:50%\">\n<figure class=\"wp-block-image size-medium\"><img loading=\"lazy\" decoding=\"async\" width=\"688\" height=\"860\" src=\"https:\/\/www.forever-beauty.com\/wp-content\/uploads\/2024\/05\/Epilation-laser-forever-688x860.png\" alt=\"\" class=\"wp-image-873\" srcset=\"https:\/\/www.forever-beauty.com\/wp-content\/uploads\/2024\/05\/Epilation-laser-forever-688x860.png 688w, https:\/\/www.forever-beauty.com\/wp-content\/uploads\/2024\/05\/Epilation-laser-forever-768x960.png 768w, https:\/\/www.forever-beauty.com\/wp-content\/uploads\/2024\/05\/Epilation-laser-forever-10x12.png 10w, https:\/\/www.forever-beauty.com\/wp-content\/uploads\/2024\/05\/Epilation-laser-forever.png 1080w\" sizes=\"auto, (max-width: 688px) 100vw, 688px\" \/><\/figure>\n<\/div>\n\n\n\n<div class=\"wp-block-column is-vertically-aligned-stretch has-pastel-lightbrown-background-color has-background is-layout-flow wp-block-column-is-layout-flow\" style=\"flex-basis:50%\">\n<h2 class=\"wp-block-heading has-primary-color has-text-color has-link-color wp-elements-cdc201e60662e2f4026122164964672a\">Laser Hair Removal Card<\/h2>\n\n\n\n<p>We offer a half-price card system on our laser hair removal packages. If you buy the card for CHF 290, you'll get a discount of -50% on your 5-session subscriptions for 1 year.<\/p>\n\n\n\n<p>*This discount cannot be combined with other promotions and is non-transferable.<\/p>\n\n\n\n<div class=\"wp-block-buttons is-layout-flex wp-block-buttons-is-layout-flex\">\n<div class=\"wp-block-button is-style-outline is-style-outline--2\"><a class=\"wp-block-button__link wp-element-button\" href=\"https:\/\/www.forever-beauty.com\/en\/treatment\/laser-hair-removal\/\">Laser hair removal<\/a><\/div>\n<\/div>\n<\/div>\n<\/div>\n\n\n\n<div class=\"wp-block-columns is-layout-flex wp-container-core-columns-is-layout-9d6595d7 wp-block-columns-is-layout-flex\">\n<div class=\"wp-block-column is-vertically-aligned-stretch has-pastel-blue-background-color has-background is-layout-flow wp-block-column-is-layout-flow\" style=\"flex-basis:50%\">\n<h2 class=\"wp-block-heading has-primary-color has-text-color has-link-color wp-elements-4ad510e1b0d5ae66afcf10a8cbac383a\">Student prices<\/h2>\n\n\n\n<p>Are you a student? Take advantage of -20% on your treatments all year round!<\/p>\n\n\n\n<p>*On presentation of a valid student card at the time of payment, discount cannot be combined with other promotions<\/p>\n<\/div>\n\n\n\n<div class=\"wp-block-column is-vertically-aligned-stretch is-style-mobiletop is-layout-flow wp-block-column-is-layout-flow\" style=\"flex-basis:50%\">\n<figure class=\"wp-block-image size-medium\"><img loading=\"lazy\" decoding=\"async\" width=\"688\" height=\"860\" src=\"https:\/\/www.forever-beauty.com\/wp-content\/uploads\/2024\/06\/prix-etudiants-688x860.png\" alt=\"\" class=\"wp-image-1606\" srcset=\"https:\/\/www.forever-beauty.com\/wp-content\/uploads\/2024\/06\/prix-etudiants-688x860.png 688w, https:\/\/www.forever-beauty.com\/wp-content\/uploads\/2024\/06\/prix-etudiants-768x960.png 768w, https:\/\/www.forever-beauty.com\/wp-content\/uploads\/2024\/06\/prix-etudiants-10x12.png 10w, https:\/\/www.forever-beauty.com\/wp-content\/uploads\/2024\/06\/prix-etudiants.png 1080w\" sizes=\"auto, (max-width: 688px) 100vw, 688px\" \/><\/figure>\n<\/div>\n<\/div>","protected":false},"excerpt":{"rendered":"<p>Syst\u00e8me de fid\u00e9lit\u00e9 Nous avons cr\u00e9\u00e9 un syst\u00e8me de fid\u00e9lit\u00e9 digital pour vous remercier de votre confiance. Faites tamponner votre carte \u00e0 chacune de vos visites et recevez des bons cadeaux lors de votre 4\u00e8me et 8\u00e8me visite ! Parrainage Votre aimez partager vos adresses pr\u00e9f\u00e9r\u00e9es ? Nous vous invitons \u00e0 recommander Forever \u00e0 votre [&hellip;]<\/p>\n","protected":false},"author":3,"featured_media":1533,"parent":0,"menu_order":0,"comment_status":"closed","ping_status":"closed","template":"","meta":{"_acf_changed":false,"inline_featured_image":false,"footnotes":""},"class_list":["post-1532","page","type-page","status-publish","format-standard","has-post-thumbnail","hentry"],"acf":[],"yoast_head":"<!-- This site is optimized with the Yoast SEO plugin v27.4 - https:\/\/yoast.com\/product\/yoast-seo-wordpress\/ -->\n<title>Avantages Exclusifs Pour Nos Membres | Forever Institut<\/title>\n<meta name=\"description\" content=\"D\u00e9couvrez les privil\u00e8ges exclusifs offerts par Forever Institut : des avantages uniques pour nos membres, incluant des r\u00e9ductions, des invitations \u00e0 des \u00e9v\u00e9nements sp\u00e9ciaux et bien plus encore. Rejoignez-nous et profitez de soins de beaut\u00e9 premium dans un cadre prestigieux.\" \/>\n<meta name=\"robots\" content=\"index, follow, max-snippet:-1, max-image-preview:large, max-video-preview:-1\" \/>\n<link rel=\"canonical\" href=\"https:\/\/www.forever-beauty.com\/en\/privileges-forever\/\" \/>\n<meta property=\"og:locale\" content=\"en_GB\" \/>\n<meta property=\"og:type\" content=\"article\" \/>\n<meta property=\"og:title\" content=\"Avantages Exclusifs Pour Nos Membres | Forever Institut\" \/>\n<meta property=\"og:description\" content=\"D\u00e9couvrez les privil\u00e8ges exclusifs offerts par Forever Institut : des avantages uniques pour nos membres, incluant des r\u00e9ductions, des invitations \u00e0 des \u00e9v\u00e9nements sp\u00e9ciaux et bien plus encore. Rejoignez-nous et profitez de soins de beaut\u00e9 premium dans un cadre prestigieux.\" \/>\n<meta property=\"og:url\" content=\"https:\/\/www.forever-beauty.com\/en\/privileges-forever\/\" \/>\n<meta property=\"og:site_name\" content=\"Forever Institut\" \/>\n<meta property=\"article:modified_time\" content=\"2025-06-11T16:02:12+00:00\" \/>\n<meta property=\"og:image\" content=\"https:\/\/www.forever-beauty.com\/wp-content\/uploads\/2024\/06\/Forever-8705.jpg\" \/>\n\t<meta property=\"og:image:width\" content=\"1365\" \/>\n\t<meta property=\"og:image:height\" content=\"2048\" \/>\n\t<meta property=\"og:image:type\" content=\"image\/jpeg\" \/>\n<meta name=\"twitter:card\" content=\"summary_large_image\" \/>\n<meta name=\"twitter:label1\" content=\"Estimated reading time\" \/>\n\t<meta name=\"twitter:data1\" content=\"3 minutes\" \/>\n<script type=\"application\/ld+json\" class=\"yoast-schema-graph\">{\"@context\":\"https:\\\/\\\/schema.org\",\"@graph\":[{\"@type\":\"WebPage\",\"@id\":\"https:\\\/\\\/www.forever-beauty.com\\\/privileges-forever\\\/\",\"url\":\"https:\\\/\\\/www.forever-beauty.com\\\/privileges-forever\\\/\",\"name\":\"Avantages Exclusifs Pour Nos Membres | Forever Institut\",\"isPartOf\":{\"@id\":\"https:\\\/\\\/www.forever-beauty.com\\\/#website\"},\"primaryImageOfPage\":{\"@id\":\"https:\\\/\\\/www.forever-beauty.com\\\/privileges-forever\\\/#primaryimage\"},\"image\":{\"@id\":\"https:\\\/\\\/www.forever-beauty.com\\\/privileges-forever\\\/#primaryimage\"},\"thumbnailUrl\":\"https:\\\/\\\/www.forever-beauty.com\\\/wp-content\\\/uploads\\\/2024\\\/06\\\/Forever-8705.jpg\",\"datePublished\":\"2024-06-07T15:03:03+00:00\",\"dateModified\":\"2025-06-11T16:02:12+00:00\",\"description\":\"D\u00e9couvrez les privil\u00e8ges exclusifs offerts par Forever Institut : des avantages uniques pour nos membres, incluant des r\u00e9ductions, des invitations \u00e0 des \u00e9v\u00e9nements sp\u00e9ciaux et bien plus encore. Rejoignez-nous et profitez de soins de beaut\u00e9 premium dans un cadre prestigieux.\",\"breadcrumb\":{\"@id\":\"https:\\\/\\\/www.forever-beauty.com\\\/privileges-forever\\\/#breadcrumb\"},\"inLanguage\":\"en-GB\",\"potentialAction\":[{\"@type\":\"ReadAction\",\"target\":[\"https:\\\/\\\/www.forever-beauty.com\\\/privileges-forever\\\/\"]}]},{\"@type\":\"ImageObject\",\"inLanguage\":\"en-GB\",\"@id\":\"https:\\\/\\\/www.forever-beauty.com\\\/privileges-forever\\\/#primaryimage\",\"url\":\"https:\\\/\\\/www.forever-beauty.com\\\/wp-content\\\/uploads\\\/2024\\\/06\\\/Forever-8705.jpg\",\"contentUrl\":\"https:\\\/\\\/www.forever-beauty.com\\\/wp-content\\\/uploads\\\/2024\\\/06\\\/Forever-8705.jpg\",\"width\":1365,\"height\":2048},{\"@type\":\"BreadcrumbList\",\"@id\":\"https:\\\/\\\/www.forever-beauty.com\\\/privileges-forever\\\/#breadcrumb\",\"itemListElement\":[{\"@type\":\"ListItem\",\"position\":1,\"name\":\"Home\",\"item\":\"https:\\\/\\\/www.forever-beauty.com\\\/\"},{\"@type\":\"ListItem\",\"position\":2,\"name\":\"Privil\u00e8ges Forever\"}]},{\"@type\":\"WebSite\",\"@id\":\"https:\\\/\\\/www.forever-beauty.com\\\/#website\",\"url\":\"https:\\\/\\\/www.forever-beauty.com\\\/\",\"name\":\"Forever Institut\",\"description\":\"Forever Institut : Centre de M\u00e9decine esth\u00e9tique et injections\",\"publisher\":{\"@id\":\"https:\\\/\\\/www.forever-beauty.com\\\/#organization\"},\"potentialAction\":[{\"@type\":\"SearchAction\",\"target\":{\"@type\":\"EntryPoint\",\"urlTemplate\":\"https:\\\/\\\/www.forever-beauty.com\\\/?s={search_term_string}\"},\"query-input\":{\"@type\":\"PropertyValueSpecification\",\"valueRequired\":true,\"valueName\":\"search_term_string\"}}],\"inLanguage\":\"en-GB\"},{\"@type\":\"Organization\",\"@id\":\"https:\\\/\\\/www.forever-beauty.com\\\/#organization\",\"name\":\"Forever\",\"url\":\"https:\\\/\\\/www.forever-beauty.com\\\/\",\"logo\":{\"@type\":\"ImageObject\",\"inLanguage\":\"en-GB\",\"@id\":\"https:\\\/\\\/www.forever-beauty.com\\\/#\\\/schema\\\/logo\\\/image\\\/\",\"url\":\"https:\\\/\\\/www.forever-beauty.com\\\/wp-content\\\/uploads\\\/2024\\\/03\\\/Forever-logo.svg\",\"contentUrl\":\"https:\\\/\\\/www.forever-beauty.com\\\/wp-content\\\/uploads\\\/2024\\\/03\\\/Forever-logo.svg\",\"width\":280,\"height\":101,\"caption\":\"Forever\"},\"image\":{\"@id\":\"https:\\\/\\\/www.forever-beauty.com\\\/#\\\/schema\\\/logo\\\/image\\\/\"}}]}<\/script>\n<!-- \/ Yoast SEO plugin. -->","yoast_head_json":{"title":"Exclusive Benefits For Our Members | Forever Institut","description":"Discover the exclusive privileges offered by Forever Institut: unique benefits for our members, including discounts, invitations to special events and much more. Join us and enjoy premium beauty treatments in a prestigious setting.","robots":{"index":"index","follow":"follow","max-snippet":"max-snippet:-1","max-image-preview":"max-image-preview:large","max-video-preview":"max-video-preview:-1"},"canonical":"https:\/\/www.forever-beauty.com\/en\/privileges-forever\/","og_locale":"en_GB","og_type":"article","og_title":"Avantages Exclusifs Pour Nos Membres | Forever Institut","og_description":"D\u00e9couvrez les privil\u00e8ges exclusifs offerts par Forever Institut : des avantages uniques pour nos membres, incluant des r\u00e9ductions, des invitations \u00e0 des \u00e9v\u00e9nements sp\u00e9ciaux et bien plus encore. Rejoignez-nous et profitez de soins de beaut\u00e9 premium dans un cadre prestigieux.","og_url":"https:\/\/www.forever-beauty.com\/en\/privileges-forever\/","og_site_name":"Forever Institut","article_modified_time":"2025-06-11T16:02:12+00:00","og_image":[{"width":1365,"height":2048,"url":"https:\/\/www.forever-beauty.com\/wp-content\/uploads\/2024\/06\/Forever-8705.jpg","type":"image\/jpeg"}],"twitter_card":"summary_large_image","twitter_misc":{"Estimated reading time":"3 minutes"},"schema":{"@context":"https:\/\/schema.org","@graph":[{"@type":"WebPage","@id":"https:\/\/www.forever-beauty.com\/privileges-forever\/","url":"https:\/\/www.forever-beauty.com\/privileges-forever\/","name":"Exclusive Benefits For Our Members | Forever Institut","isPartOf":{"@id":"https:\/\/www.forever-beauty.com\/#website"},"primaryImageOfPage":{"@id":"https:\/\/www.forever-beauty.com\/privileges-forever\/#primaryimage"},"image":{"@id":"https:\/\/www.forever-beauty.com\/privileges-forever\/#primaryimage"},"thumbnailUrl":"https:\/\/www.forever-beauty.com\/wp-content\/uploads\/2024\/06\/Forever-8705.jpg","datePublished":"2024-06-07T15:03:03+00:00","dateModified":"2025-06-11T16:02:12+00:00","description":"Discover the exclusive privileges offered by Forever Institut: unique benefits for our members, including discounts, invitations to special events and much more. Join us and enjoy premium beauty treatments in a prestigious setting.","breadcrumb":{"@id":"https:\/\/www.forever-beauty.com\/privileges-forever\/#breadcrumb"},"inLanguage":"en-GB","potentialAction":[{"@type":"ReadAction","target":["https:\/\/www.forever-beauty.com\/privileges-forever\/"]}]},{"@type":"ImageObject","inLanguage":"en-GB","@id":"https:\/\/www.forever-beauty.com\/privileges-forever\/#primaryimage","url":"https:\/\/www.forever-beauty.com\/wp-content\/uploads\/2024\/06\/Forever-8705.jpg","contentUrl":"https:\/\/www.forever-beauty.com\/wp-content\/uploads\/2024\/06\/Forever-8705.jpg","width":1365,"height":2048},{"@type":"BreadcrumbList","@id":"https:\/\/www.forever-beauty.com\/privileges-forever\/#breadcrumb","itemListElement":[{"@type":"ListItem","position":1,"name":"Home","item":"https:\/\/www.forever-beauty.com\/"},{"@type":"ListItem","position":2,"name":"Privil\u00e8ges Forever"}]},{"@type":"WebSite","@id":"https:\/\/www.forever-beauty.com\/#website","url":"https:\/\/www.forever-beauty.com\/","name":"Forever Institut","description":"Forever Institut : Centre for aesthetic medicine and injections","publisher":{"@id":"https:\/\/www.forever-beauty.com\/#organization"},"potentialAction":[{"@type":"SearchAction","target":{"@type":"EntryPoint","urlTemplate":"https:\/\/www.forever-beauty.com\/?s={search_term_string}"},"query-input":{"@type":"PropertyValueSpecification","valueRequired":true,"valueName":"search_term_string"}}],"inLanguage":"en-GB"},{"@type":"Organization","@id":"https:\/\/www.forever-beauty.com\/#organization","name":"Forever","url":"https:\/\/www.forever-beauty.com\/","logo":{"@type":"ImageObject","inLanguage":"en-GB","@id":"https:\/\/www.forever-beauty.com\/#\/schema\/logo\/image\/","url":"https:\/\/www.forever-beauty.com\/wp-content\/uploads\/2024\/03\/Forever-logo.svg","contentUrl":"https:\/\/www.forever-beauty.com\/wp-content\/uploads\/2024\/03\/Forever-logo.svg","width":280,"height":101,"caption":"Forever"},"image":{"@id":"https:\/\/www.forever-beauty.com\/#\/schema\/logo\/image\/"}}]}},"_links":{"self":[{"href":"https:\/\/www.forever-beauty.com\/en\/wp-json\/wp\/v2\/pages\/1532","targetHints":{"allow":["GET"]}}],"collection":[{"href":"https:\/\/www.forever-beauty.com\/en\/wp-json\/wp\/v2\/pages"}],"about":[{"href":"https:\/\/www.forever-beauty.com\/en\/wp-json\/wp\/v2\/types\/page"}],"author":[{"embeddable":true,"href":"https:\/\/www.forever-beauty.com\/en\/wp-json\/wp\/v2\/users\/3"}],"replies":[{"embeddable":true,"href":"https:\/\/www.forever-beauty.com\/en\/wp-json\/wp\/v2\/comments?post=1532"}],"version-history":[{"count":10,"href":"https:\/\/www.forever-beauty.com\/en\/wp-json\/wp\/v2\/pages\/1532\/revisions"}],"predecessor-version":[{"id":2163,"href":"https:\/\/www.forever-beauty.com\/en\/wp-json\/wp\/v2\/pages\/1532\/revisions\/2163"}],"wp:featuredmedia":[{"embeddable":true,"href":"https:\/\/www.forever-beauty.com\/en\/wp-json\/wp\/v2\/media\/1533"}],"wp:attachment":[{"href":"https:\/\/www.forever-beauty.com\/en\/wp-json\/wp\/v2\/media?parent=1532"}],"curies":[{"name":"wp","href":"https:\/\/api.w.org\/{rel}","templated":true}]}}